{"id":15,"date":"2016-06-25T17:02:05","date_gmt":"2016-06-25T17:02:05","guid":{"rendered":"https:\/\/hendrik-woelfel.de\/?page_id=15"},"modified":"2018-05-22T11:03:51","modified_gmt":"2018-05-22T11:03:51","slug":"startseite","status":"publish","type":"page","link":"https:\/\/hendrik-woelfel.de\/","title":{"rendered":"Startseite"},"content":{"rendered":"<p>&nbsp;<\/p>\n<p>Hallo!<\/p>\n<p>Mein Name ist Hendrik W\u00f6lfel. Ich bin 33 Jahre alt und komme aus Datteln. Seit meinem 11. Lebensjahr spiele ich Gitarre und singe. Sobald ich die ersten Akkorde spielen konnte, begann ich damit, eigene Songs zu schreiben.<\/p>\n<p>Ich verf\u00fcge \u00fcber ein gro\u00dfes Repertoire an eigenen und bekannten Songs und singe zu zahlreichen Gelegenheiten, wie Hochzeiten, Geburtstagen, Jubil\u00e4en und auf Beerdigungen.<\/p>\n<div><img decoding=\"async\" src=\"https:\/\/i.ytimg.com\/vi\/MUYxIJFyfZg\/hqdefault.jpg\" class=\"muv_yd_69f99c407ea48\"><\/div><script>jQuery(document).ready(function($){$(\"a.muv_yd_69f99c407ea48, img.muv_yd_69f99c407ea48, div.muv_yd_69f99c407ea48, div.muv_yd_69f99c407ea48::before\").click(function(e){muv_yd_zeigeVideo(\"MUYxIJFyfZg\");e.preventDefault();});$(\"img.muv_yd_69f99c407ea48, div.muv_yd_69f99c407ea48\").addClass(\"muv_yd_pointer\");$(\"div.muv_yd_69f99c407ea48\").addClass(\"muv_yd_button\");});<\/script>\n<p>Zurzeit mache ich eine Umschulung zum Erzieher. Die Arbeit mit Kindern ist eine riesige Inspiration f\u00fcr mich.<\/p>\n<p>Gerade habe ich meine erste CD mit selbstgeschriebenen Kinderliedern fertiggestellt!<\/p>\n<p>Wenn Sie einen S\u00e4nger mit einer &#8222;gro\u00dfen&#8220; Stimme suchen, egal f\u00fcr welche Gelegenheit oder wenn Sie an vielseitigen, anspruchsvollen Kinderliedern interessiert sind, dann schreiben Sie mich doch einfach an. Ich freue mich \u00fcber jede R\u00fcckmeldung.<\/p>\n<p>Ihr Hendrik W\u00f6lfel<\/p>\n<p>&nbsp;<\/p>\n<p>&nbsp;<\/p>\n","protected":false},"excerpt":{"rendered":"<p>&nbsp; Hallo! Mein Name ist Hendrik W\u00f6lfel. Ich bin 33 Jahre alt und komme aus Datteln. Seit meinem 11. Lebensjahr spiele ich Gitarre und singe. Sobald ich die ersten Akkorde spielen konnte, begann ich damit, eigene Songs zu schreiben. Ich &hellip; <a href=\"https:\/\/hendrik-woelfel.de\/\">Weiterlesen <span class=\"meta-nav\">&rarr;<\/span><\/a><\/p>\n","protected":false},"author":2,"featured_media":0,"parent":0,"menu_order":0,"comment_status":"closed","ping_status":"closed","template":"","meta":{"footnotes":""},"class_list":["post-15","page","type-page","status-publish","hentry"],"jetpack_sharing_enabled":true,"_links":{"self":[{"href":"https:\/\/hendrik-woelfel.de\/index.php?rest_route=\/wp\/v2\/pages\/15","targetHints":{"allow":["GET"]}}],"collection":[{"href":"https:\/\/hendrik-woelfel.de\/index.php?rest_route=\/wp\/v2\/pages"}],"about":[{"href":"https:\/\/hendrik-woelfel.de\/index.php?rest_route=\/wp\/v2\/types\/page"}],"author":[{"embeddable":true,"href":"https:\/\/hendrik-woelfel.de\/index.php?rest_route=\/wp\/v2\/users\/2"}],"replies":[{"embeddable":true,"href":"https:\/\/hendrik-woelfel.de\/index.php?rest_route=%2Fwp%2Fv2%2Fcomments&post=15"}],"version-history":[{"count":14,"href":"https:\/\/hendrik-woelfel.de\/index.php?rest_route=\/wp\/v2\/pages\/15\/revisions"}],"predecessor-version":[{"id":336,"href":"https:\/\/hendrik-woelfel.de\/index.php?rest_route=\/wp\/v2\/pages\/15\/revisions\/336"}],"wp:attachment":[{"href":"https:\/\/hendrik-woelfel.de\/index.php?rest_route=%2Fwp%2Fv2%2Fmedia&parent=15"}],"curies":[{"name":"wp","href":"https:\/\/api.w.org\/{rel}","templated":true}]}}