{"id":135,"date":"2017-02-28T18:33:41","date_gmt":"2017-02-28T18:33:41","guid":{"rendered":"https:\/\/hendrik-woelfel.de\/?page_id=135"},"modified":"2018-05-22T11:12:09","modified_gmt":"2018-05-22T11:12:09","slug":"das-biete-ich-an","status":"publish","type":"page","link":"https:\/\/hendrik-woelfel.de\/?page_id=135","title":{"rendered":"Das biete ich an"},"content":{"rendered":"<ul>\n<li>S\u00e4nger ( Bass\/ Bariton) f\u00fcr Hochzeiten, Jubil\u00e4en, Geburtstage etc. mit Gitarrenbegleitung oder Instrumentalplayback ( Rock, Pop, Jazz, Klassik, Sonderw\u00fcnsche)<\/li>\n<li>Musikalische Gestaltung von Kindergeburtstagen<\/li>\n<li>Musikalische Angebote f\u00fcr Kindertageseinrichtungen ( Musikunterricht, Mitmachkonzerte etc.)<\/li>\n<li>Musikunterricht f\u00fcr Kinder und Erwachsene ( Musikalische Fr\u00fcherziehung, Gitarren- und Gesangsunterricht etc.)<\/li>\n<li>Ich schreibe auch auf Wunsch Lieder! Wenn Sie jemandem mit einem eigens f\u00fcr sie\/ihn komponierten Song eine Freude machen wollen, dann sind Sie bei mir an der richtigen Adresse.<\/li>\n<\/ul>\n<p>Hier ist ein Beispiel f\u00fcr ein Hochzeitslied:)<br \/>\n<div><img decoding=\"async\" src=\"https:\/\/i.ytimg.com\/vi\/O6_gZPC08wE\/hqdefault.jpg\" class=\"muv_yd_69f5d36752419\"><\/div><script>jQuery(document).ready(function($){$(\"a.muv_yd_69f5d36752419, img.muv_yd_69f5d36752419, div.muv_yd_69f5d36752419, div.muv_yd_69f5d36752419::before\").click(function(e){muv_yd_zeigeVideo(\"O6_gZPC08wE\");e.preventDefault();});$(\"img.muv_yd_69f5d36752419, div.muv_yd_69f5d36752419\").addClass(\"muv_yd_pointer\");$(\"div.muv_yd_69f5d36752419\").addClass(\"muv_yd_button\");});<\/script><\/p>\n","protected":false},"excerpt":{"rendered":"<p>S\u00e4nger ( Bass\/ Bariton) f\u00fcr Hochzeiten, Jubil\u00e4en, Geburtstage etc. mit Gitarrenbegleitung oder Instrumentalplayback ( Rock, Pop, Jazz, Klassik, Sonderw\u00fcnsche) Musikalische Gestaltung von Kindergeburtstagen Musikalische Angebote f\u00fcr Kindertageseinrichtungen ( Musikunterricht, Mitmachkonzerte etc.) Musikunterricht f\u00fcr Kinder und Erwachsene ( Musikalische Fr\u00fcherziehung, Gitarren- &hellip; <a href=\"https:\/\/hendrik-woelfel.de\/?page_id=135\">Weiterlesen <span class=\"meta-nav\">&rarr;<\/span><\/a><\/p>\n","protected":false},"author":1,"featured_media":0,"parent":0,"menu_order":0,"comment_status":"closed","ping_status":"closed","template":"","meta":{"footnotes":""},"class_list":["post-135","page","type-page","status-publish","hentry"],"jetpack_sharing_enabled":true,"_links":{"self":[{"href":"https:\/\/hendrik-woelfel.de\/index.php?rest_route=\/wp\/v2\/pages\/135","targetHints":{"allow":["GET"]}}],"collection":[{"href":"https:\/\/hendrik-woelfel.de\/index.php?rest_route=\/wp\/v2\/pages"}],"about":[{"href":"https:\/\/hendrik-woelfel.de\/index.php?rest_route=\/wp\/v2\/types\/page"}],"author":[{"embeddable":true,"href":"https:\/\/hendrik-woelfel.de\/index.php?rest_route=\/wp\/v2\/users\/1"}],"replies":[{"embeddable":true,"href":"https:\/\/hendrik-woelfel.de\/index.php?rest_route=%2Fwp%2Fv2%2Fcomments&post=135"}],"version-history":[{"count":6,"href":"https:\/\/hendrik-woelfel.de\/index.php?rest_route=\/wp\/v2\/pages\/135\/revisions"}],"predecessor-version":[{"id":341,"href":"https:\/\/hendrik-woelfel.de\/index.php?rest_route=\/wp\/v2\/pages\/135\/revisions\/341"}],"wp:attachment":[{"href":"https:\/\/hendrik-woelfel.de\/index.php?rest_route=%2Fwp%2Fv2%2Fmedia&parent=135"}],"curies":[{"name":"wp","href":"https:\/\/api.w.org\/{rel}","templated":true}]}}