{"id":116,"date":"2017-02-20T17:12:56","date_gmt":"2017-02-20T17:12:56","guid":{"rendered":"https:\/\/hendrik-woelfel.de\/?page_id=116"},"modified":"2017-02-20T17:12:56","modified_gmt":"2017-02-20T17:12:56","slug":"abc-das-schullied","status":"publish","type":"page","link":"https:\/\/hendrik-woelfel.de\/?page_id=116","title":{"rendered":"ABC- Das Schullied"},"content":{"rendered":"<pre>Apfel, Birne, Clementine\r\nABC\r\nObst enth\u00e4lt die Vitamine\r\nABC\r\n\r\nDas lernen wir wenn wir in die Schule geh'n\r\nViele Dinge w\u00fcrden wir sonst nie versteh'n\r\n\r\nKommt jetzt z\u00e4hlen wir auf Englisch\r\nOne two three\r\nKommt wir singen Italienisch\r\nDo re mi\r\n\r\nDas lernen wir wenn wir in die Schule geh'n\r\nViele Dinge w\u00fcrden wir sonst nie versteh'n\r\n\r\nDas allergr\u00f6\u00dfte Tier an Land\r\nWie hei\u00dft es noch?\r\nGenau! Das ist der Elefant\r\nDu wei\u00dft es doch\r\n\r\nDas lernen wir wenn wir in die Schule geh'n\r\nViele Dinge w\u00fcrden wir sonst nie versteh'n<\/pre>\n","protected":false},"excerpt":{"rendered":"<p>Apfel, Birne, Clementine ABC Obst enth\u00e4lt die Vitamine ABC Das lernen wir wenn wir in die Schule geh&#8217;n Viele Dinge w\u00fcrden wir sonst nie versteh&#8217;n Kommt jetzt z\u00e4hlen wir auf Englisch One two three Kommt wir singen Italienisch Do re &hellip; <a href=\"https:\/\/hendrik-woelfel.de\/?page_id=116\">Weiterlesen <span class=\"meta-nav\">&rarr;<\/span><\/a><\/p>\n","protected":false},"author":1,"featured_media":0,"parent":0,"menu_order":0,"comment_status":"closed","ping_status":"closed","template":"","meta":{"footnotes":""},"class_list":["post-116","page","type-page","status-publish","hentry"],"jetpack_sharing_enabled":true,"_links":{"self":[{"href":"https:\/\/hendrik-woelfel.de\/index.php?rest_route=\/wp\/v2\/pages\/116","targetHints":{"allow":["GET"]}}],"collection":[{"href":"https:\/\/hendrik-woelfel.de\/index.php?rest_route=\/wp\/v2\/pages"}],"about":[{"href":"https:\/\/hendrik-woelfel.de\/index.php?rest_route=\/wp\/v2\/types\/page"}],"author":[{"embeddable":true,"href":"https:\/\/hendrik-woelfel.de\/index.php?rest_route=\/wp\/v2\/users\/1"}],"replies":[{"embeddable":true,"href":"https:\/\/hendrik-woelfel.de\/index.php?rest_route=%2Fwp%2Fv2%2Fcomments&post=116"}],"version-history":[{"count":1,"href":"https:\/\/hendrik-woelfel.de\/index.php?rest_route=\/wp\/v2\/pages\/116\/revisions"}],"predecessor-version":[{"id":117,"href":"https:\/\/hendrik-woelfel.de\/index.php?rest_route=\/wp\/v2\/pages\/116\/revisions\/117"}],"wp:attachment":[{"href":"https:\/\/hendrik-woelfel.de\/index.php?rest_route=%2Fwp%2Fv2%2Fmedia&parent=116"}],"curies":[{"name":"wp","href":"https:\/\/api.w.org\/{rel}","templated":true}]}}