{"id":102,"date":"2017-02-20T16:41:18","date_gmt":"2017-02-20T16:41:18","guid":{"rendered":"https:\/\/hendrik-woelfel.de\/?page_id=102"},"modified":"2017-03-29T16:39:52","modified_gmt":"2017-03-29T16:39:52","slug":"mir-faellts-gleich-ein","status":"publish","type":"page","link":"https:\/\/hendrik-woelfel.de\/?page_id=102","title":{"rendered":"Mir f\u00e4llts gleich ein"},"content":{"rendered":"<pre>Meine Mama gab mir Kleingeld\r\nDamit schickte sie mich los\r\nSie kann sich auf mich verlassen\r\nDenn ich bin ja auch schon gro\u00df\r\nDoch jetzt hab ich ganz vergessen\r\nWas ich f\u00fcr sie holen soll\r\nW\u00fcrde Mama das jetzt wissen\r\nJa das f\u00e4nd sie gar nicht toll\r\n\r\nMoment, verflixt mir f\u00e4llts gleich ein\r\nDas kann doch nicht so schwierig sein\r\nIch denke denke denke denke nach\r\n\r\nMoment, verflixt mir f\u00e4llts gleich ein\r\nDas kann doch nicht so schwierig sein\r\nDoch mein Gehirn das wird nicht richtig wach\r\n\r\nUnd jetzt wei\u00df ich's endlich wieder\r\nJa zum B\u00e4cker sollt ich geh'n\r\nUnd der ist gleich um die Ecke\r\nSchon kann ich den Laden seh'n\r\nDoch jetzt hab ich ganz vergessen\r\nWas ich bei ihm kaufen soll\r\nW\u00fcrde Mama das jetzt wissen\r\nJa das f\u00e4nd sie gar nicht toll\r\n\r\nMoment, verflixt mir f\u00e4llts gleich ein\r\nDas kann doch nicht so schwierig sein\r\nIch denke denke denke denke nach\r\n\r\nMoment, verflixt mir f\u00e4llts gleich ein\r\nDas kann doch nicht so schwierig sein\r\nDoch mein Gehirn das wird nicht richtig wach\r\n\r\nUnd jetzt wei\u00df ich's endlich wieder\r\nSieben Br\u00f6tchen und ein Brot\r\nUnd ich krieg noch Geld zur\u00fcck \r\nDenn das ist grad im Angebot\r\nDamit laufe ich nach Hause\r\nMama wird zufrieden sein\r\nDoch sie f\u00e4ngt nur an zu lachen\r\nWarum tut sie das? Oh nein!\r\n\r\nMoment, verflixt mir f\u00e4llts gleich ein\r\nEs sollt garnichts vom B\u00e4cker sein\r\nWas hab ich mir denn blo\u00df dabei gedacht\r\n\r\nIch wollt zum Eisverk\u00e4ufer geh'n\r\nDenn heute ist es hei\u00df und sch\u00f6n\r\nDoch mein Gehirn das war nicht richtig wach\r\n\r\nIch hab nicht richtig nachgedacht\r\nUnd das ist jetzt der Preis\r\nDas Wechselgeld das reicht nur\r\nF\u00fcr ne halbe Kugel Eis\r\n\r\n<\/pre>\n","protected":false},"excerpt":{"rendered":"<p>Meine Mama gab mir Kleingeld Damit schickte sie mich los Sie kann sich auf mich verlassen Denn ich bin ja auch schon gro\u00df Doch jetzt hab ich ganz vergessen Was ich f\u00fcr sie holen soll W\u00fcrde Mama das jetzt wissen &hellip; <a href=\"https:\/\/hendrik-woelfel.de\/?page_id=102\">Weiterlesen <span class=\"meta-nav\">&rarr;<\/span><\/a><\/p>\n","protected":false},"author":1,"featured_media":0,"parent":0,"menu_order":0,"comment_status":"closed","ping_status":"closed","template":"","meta":{"footnotes":""},"class_list":["post-102","page","type-page","status-publish","hentry"],"jetpack_sharing_enabled":true,"_links":{"self":[{"href":"https:\/\/hendrik-woelfel.de\/index.php?rest_route=\/wp\/v2\/pages\/102","targetHints":{"allow":["GET"]}}],"collection":[{"href":"https:\/\/hendrik-woelfel.de\/index.php?rest_route=\/wp\/v2\/pages"}],"about":[{"href":"https:\/\/hendrik-woelfel.de\/index.php?rest_route=\/wp\/v2\/types\/page"}],"author":[{"embeddable":true,"href":"https:\/\/hendrik-woelfel.de\/index.php?rest_route=\/wp\/v2\/users\/1"}],"replies":[{"embeddable":true,"href":"https:\/\/hendrik-woelfel.de\/index.php?rest_route=%2Fwp%2Fv2%2Fcomments&post=102"}],"version-history":[{"count":5,"href":"https:\/\/hendrik-woelfel.de\/index.php?rest_route=\/wp\/v2\/pages\/102\/revisions"}],"predecessor-version":[{"id":206,"href":"https:\/\/hendrik-woelfel.de\/index.php?rest_route=\/wp\/v2\/pages\/102\/revisions\/206"}],"wp:attachment":[{"href":"https:\/\/hendrik-woelfel.de\/index.php?rest_route=%2Fwp%2Fv2%2Fmedia&parent=102"}],"curies":[{"name":"wp","href":"https:\/\/api.w.org\/{rel}","templated":true}]}}